{"id":339,"date":"2025-11-04T17:26:41","date_gmt":"2025-11-04T20:26:41","guid":{"rendered":"https:\/\/manari.pe.gov.br\/v1\/?page_id=339"},"modified":"2025-11-26T14:14:25","modified_gmt":"2025-11-26T17:14:25","slug":"secretaria-municipal-de-transportes","status":"publish","type":"page","link":"https:\/\/manari.pe.gov.br\/v1\/secretaria-municipal-de-transportes\/","title":{"rendered":"Secretaria Municipal de Transportes"},"content":{"rendered":"<p>Secret\u00e1rio: <strong>M\u00c1RCIO PEREIRA DA SILVA<\/strong><br \/>\nEndere\u00e7o: <strong>Rua Nova, s\/n, Centro, Manari &#8211; PE, CEP 56.565-000<\/strong><br \/>\nTelefone n\u00ba <strong>81 \u2013 98291-2473<\/strong><br \/>\nE-mail: <strong>marciopereira25897@gmail.com<\/strong><\/p>\n<p>Hor\u00e1rio de Funcionamento: <strong>8h \u00e0s 13h<\/strong><\/p>\n<p>&nbsp;<\/p>\n","protected":false},"excerpt":{"rendered":"<p>Secret\u00e1rio: M\u00c1RCIO PEREIRA DA SILVA Endere\u00e7o: Rua Nova, s\/n, Centro, Manari &#8211; PE, CEP 56.565-000 Telefone n\u00ba 81 \u2013 98291-2473 E-mail: marciopereira25897@gmail.com Hor\u00e1rio de Funcionamento: 8h \u00e0s 13h &nbsp;<\/p>\n","protected":false},"author":1,"featured_media":0,"parent":0,"menu_order":0,"comment_status":"closed","ping_status":"closed","template":"","meta":{"_acf_changed":false,"footnotes":""},"class_list":["post-339","page","type-page","status-publish","hentry","active"],"acf":[],"_links":{"self":[{"href":"https:\/\/manari.pe.gov.br\/v1\/wp-json\/wp\/v2\/pages\/339","targetHints":{"allow":["GET"]}}],"collection":[{"href":"https:\/\/manari.pe.gov.br\/v1\/wp-json\/wp\/v2\/pages"}],"about":[{"href":"https:\/\/manari.pe.gov.br\/v1\/wp-json\/wp\/v2\/types\/page"}],"author":[{"embeddable":true,"href":"https:\/\/manari.pe.gov.br\/v1\/wp-json\/wp\/v2\/users\/1"}],"replies":[{"embeddable":true,"href":"https:\/\/manari.pe.gov.br\/v1\/wp-json\/wp\/v2\/comments?post=339"}],"version-history":[{"count":2,"href":"https:\/\/manari.pe.gov.br\/v1\/wp-json\/wp\/v2\/pages\/339\/revisions"}],"predecessor-version":[{"id":352,"href":"https:\/\/manari.pe.gov.br\/v1\/wp-json\/wp\/v2\/pages\/339\/revisions\/352"}],"wp:attachment":[{"href":"https:\/\/manari.pe.gov.br\/v1\/wp-json\/wp\/v2\/media?parent=339"}],"curies":[{"name":"wp","href":"https:\/\/api.w.org\/{rel}","templated":true}]}}