{"id":337,"date":"2025-11-04T17:24:35","date_gmt":"2025-11-04T20:24:35","guid":{"rendered":"https:\/\/manari.pe.gov.br\/v1\/?page_id=337"},"modified":"2025-11-04T17:24:35","modified_gmt":"2025-11-04T20:24:35","slug":"secretaria-municipal-de-agricultura","status":"publish","type":"page","link":"https:\/\/manari.pe.gov.br\/v1\/secretaria-municipal-de-agricultura\/","title":{"rendered":"Secretaria Municipal de Agricultura"},"content":{"rendered":"<p>Secret\u00e1rio: <strong>MANOEL GILBERTO DA SILVA<\/strong><br \/>\nEndere\u00e7o:<strong> Rua Dom Pedro I, 139, Centro- Manari-PE<\/strong><br \/>\nTelefone: <strong>(87) 99904-2897<\/strong><br \/>\nE-mail: <strong>gilbertomanari183@gmail.com<\/strong><\/p>\n<p>Hor\u00e1rio de Funcionamento: <strong>8h \u00e0s 13h<\/strong><\/p>\n","protected":false},"excerpt":{"rendered":"<p>Secret\u00e1rio: MANOEL GILBERTO DA SILVA Endere\u00e7o: Rua Dom Pedro I, 139, Centro- Manari-PE Telefone: (87) 99904-2897 E-mail: gilbertomanari183@gmail.com Hor\u00e1rio de Funcionamento: 8h \u00e0s 13h<\/p>\n","protected":false},"author":1,"featured_media":0,"parent":0,"menu_order":0,"comment_status":"closed","ping_status":"closed","template":"","meta":{"_acf_changed":false,"footnotes":""},"class_list":["post-337","page","type-page","status-publish","hentry","active"],"acf":[],"_links":{"self":[{"href":"https:\/\/manari.pe.gov.br\/v1\/wp-json\/wp\/v2\/pages\/337","targetHints":{"allow":["GET"]}}],"collection":[{"href":"https:\/\/manari.pe.gov.br\/v1\/wp-json\/wp\/v2\/pages"}],"about":[{"href":"https:\/\/manari.pe.gov.br\/v1\/wp-json\/wp\/v2\/types\/page"}],"author":[{"embeddable":true,"href":"https:\/\/manari.pe.gov.br\/v1\/wp-json\/wp\/v2\/users\/1"}],"replies":[{"embeddable":true,"href":"https:\/\/manari.pe.gov.br\/v1\/wp-json\/wp\/v2\/comments?post=337"}],"version-history":[{"count":1,"href":"https:\/\/manari.pe.gov.br\/v1\/wp-json\/wp\/v2\/pages\/337\/revisions"}],"predecessor-version":[{"id":338,"href":"https:\/\/manari.pe.gov.br\/v1\/wp-json\/wp\/v2\/pages\/337\/revisions\/338"}],"wp:attachment":[{"href":"https:\/\/manari.pe.gov.br\/v1\/wp-json\/wp\/v2\/media?parent=337"}],"curies":[{"name":"wp","href":"https:\/\/api.w.org\/{rel}","templated":true}]}}