{"id":335,"date":"2025-11-04T17:22:11","date_gmt":"2025-11-04T20:22:11","guid":{"rendered":"https:\/\/manari.pe.gov.br\/v1\/?page_id=335"},"modified":"2025-11-04T17:22:11","modified_gmt":"2025-11-04T20:22:11","slug":"secretaria-municipal-de-educacao-e-cultura","status":"publish","type":"page","link":"https:\/\/manari.pe.gov.br\/v1\/secretaria-municipal-de-educacao-e-cultura\/","title":{"rendered":"Secretaria Municipal de Educa\u00e7\u00e3o e Cultura"},"content":{"rendered":"<p>Secret\u00e1rio: <strong>SENOVAL BERNARDO DA SILVA<\/strong><br \/>\nEndere\u00e7o: <strong>S\u00edtio Umbuzeiro Doce, Manari-PE<\/strong><br \/>\nTelefone: <strong>87- 99141-7749<\/strong><br \/>\nEmail: <strong>sennasenovalbernardo@gmail.com<\/strong><br \/>\nHor\u00e1rio de Funcionamento: <strong>8h \u00e0s 13h<\/strong><\/p>\n","protected":false},"excerpt":{"rendered":"<p>Secret\u00e1rio: SENOVAL BERNARDO DA SILVA Endere\u00e7o: S\u00edtio Umbuzeiro Doce, Manari-PE Telefone: 87- 99141-7749 Email: sennasenovalbernardo@gmail.com Hor\u00e1rio de Funcionamento: 8h \u00e0s 13h<\/p>\n","protected":false},"author":1,"featured_media":0,"parent":0,"menu_order":0,"comment_status":"closed","ping_status":"closed","template":"","meta":{"_acf_changed":false,"footnotes":""},"class_list":["post-335","page","type-page","status-publish","hentry","active"],"acf":[],"_links":{"self":[{"href":"https:\/\/manari.pe.gov.br\/v1\/wp-json\/wp\/v2\/pages\/335","targetHints":{"allow":["GET"]}}],"collection":[{"href":"https:\/\/manari.pe.gov.br\/v1\/wp-json\/wp\/v2\/pages"}],"about":[{"href":"https:\/\/manari.pe.gov.br\/v1\/wp-json\/wp\/v2\/types\/page"}],"author":[{"embeddable":true,"href":"https:\/\/manari.pe.gov.br\/v1\/wp-json\/wp\/v2\/users\/1"}],"replies":[{"embeddable":true,"href":"https:\/\/manari.pe.gov.br\/v1\/wp-json\/wp\/v2\/comments?post=335"}],"version-history":[{"count":1,"href":"https:\/\/manari.pe.gov.br\/v1\/wp-json\/wp\/v2\/pages\/335\/revisions"}],"predecessor-version":[{"id":336,"href":"https:\/\/manari.pe.gov.br\/v1\/wp-json\/wp\/v2\/pages\/335\/revisions\/336"}],"wp:attachment":[{"href":"https:\/\/manari.pe.gov.br\/v1\/wp-json\/wp\/v2\/media?parent=335"}],"curies":[{"name":"wp","href":"https:\/\/api.w.org\/{rel}","templated":true}]}}