{"id":327,"date":"2025-11-04T17:07:11","date_gmt":"2025-11-04T20:07:11","guid":{"rendered":"https:\/\/manari.pe.gov.br\/v1\/?page_id=327"},"modified":"2025-11-04T17:10:17","modified_gmt":"2025-11-04T20:10:17","slug":"secretario-municipal-de-saude","status":"publish","type":"page","link":"https:\/\/manari.pe.gov.br\/v1\/secretario-municipal-de-saude\/","title":{"rendered":"SECRET\u00c1RIO MUNICIPAL DE SA\u00daDE"},"content":{"rendered":"<p>Secret\u00e1ria:<strong> JUCIANNY MARIA DE CARVALHO<\/strong><br \/>\nEndere\u00e7o: <strong>Travessa Ant\u00f4nio Jorge n\u00ba 17- Centro- Manari-PE<\/strong><br \/>\nTelefone: <strong>(87) 9.9965-3015<\/strong><br \/>\nE-mail:<strong> jucijucykv@hotmail.com\u00a0<\/strong><\/p>\n<p>Hor\u00e1rio de Funcionamento:\u00a0<strong>8h \u00e0s 13h<\/strong><\/p>\n","protected":false},"excerpt":{"rendered":"<p>Secret\u00e1ria: JUCIANNY MARIA DE CARVALHO Endere\u00e7o: Travessa Ant\u00f4nio Jorge n\u00ba 17- Centro- Manari-PE Telefone: (87) 9.9965-3015 E-mail: jucijucykv@hotmail.com\u00a0 Hor\u00e1rio de Funcionamento:\u00a08h \u00e0s 13h<\/p>\n","protected":false},"author":1,"featured_media":0,"parent":0,"menu_order":0,"comment_status":"closed","ping_status":"closed","template":"","meta":{"_acf_changed":false,"footnotes":""},"class_list":["post-327","page","type-page","status-publish","hentry","active"],"acf":[],"_links":{"self":[{"href":"https:\/\/manari.pe.gov.br\/v1\/wp-json\/wp\/v2\/pages\/327","targetHints":{"allow":["GET"]}}],"collection":[{"href":"https:\/\/manari.pe.gov.br\/v1\/wp-json\/wp\/v2\/pages"}],"about":[{"href":"https:\/\/manari.pe.gov.br\/v1\/wp-json\/wp\/v2\/types\/page"}],"author":[{"embeddable":true,"href":"https:\/\/manari.pe.gov.br\/v1\/wp-json\/wp\/v2\/users\/1"}],"replies":[{"embeddable":true,"href":"https:\/\/manari.pe.gov.br\/v1\/wp-json\/wp\/v2\/comments?post=327"}],"version-history":[{"count":2,"href":"https:\/\/manari.pe.gov.br\/v1\/wp-json\/wp\/v2\/pages\/327\/revisions"}],"predecessor-version":[{"id":329,"href":"https:\/\/manari.pe.gov.br\/v1\/wp-json\/wp\/v2\/pages\/327\/revisions\/329"}],"wp:attachment":[{"href":"https:\/\/manari.pe.gov.br\/v1\/wp-json\/wp\/v2\/media?parent=327"}],"curies":[{"name":"wp","href":"https:\/\/api.w.org\/{rel}","templated":true}]}}