{"id":325,"date":"2025-11-04T16:54:06","date_gmt":"2025-11-04T19:54:06","guid":{"rendered":"https:\/\/manari.pe.gov.br\/v1\/?page_id=325"},"modified":"2025-11-04T16:54:06","modified_gmt":"2025-11-04T19:54:06","slug":"secretario-municipal-de-administracao-e-financas","status":"publish","type":"page","link":"https:\/\/manari.pe.gov.br\/v1\/secretario-municipal-de-administracao-e-financas\/","title":{"rendered":"SECRET\u00c1RIO MUNICIPAL DE ADMINISTRA\u00c7\u00c3O E FINAN\u00c7AS"},"content":{"rendered":"<p>Secret\u00e1rio: <strong>ANTONIO ELYO CHAVEIRO OLIVEIRA<\/strong><br \/>\nEndere\u00e7o: <strong>S\u00edtio Cedro, Zona Rural- Manari-PE<\/strong><br \/>\nTelefone: <strong>(87) 9.9965-2206<\/strong><br \/>\nE-mail: <strong>elyomanari@hotmail.com<\/strong><br \/>\nHor\u00e1rio de Funcionamento: <strong>8h \u00e0s 13h<\/strong><\/p>\n","protected":false},"excerpt":{"rendered":"<p>Secret\u00e1rio: ANTONIO ELYO CHAVEIRO OLIVEIRA Endere\u00e7o: S\u00edtio Cedro, Zona Rural- Manari-PE Telefone: (87) 9.9965-2206 E-mail: elyomanari@hotmail.com Hor\u00e1rio de Funcionamento: 8h \u00e0s 13h<\/p>\n","protected":false},"author":1,"featured_media":0,"parent":0,"menu_order":0,"comment_status":"closed","ping_status":"closed","template":"","meta":{"_acf_changed":false,"footnotes":""},"class_list":["post-325","page","type-page","status-publish","hentry","active"],"acf":[],"_links":{"self":[{"href":"https:\/\/manari.pe.gov.br\/v1\/wp-json\/wp\/v2\/pages\/325","targetHints":{"allow":["GET"]}}],"collection":[{"href":"https:\/\/manari.pe.gov.br\/v1\/wp-json\/wp\/v2\/pages"}],"about":[{"href":"https:\/\/manari.pe.gov.br\/v1\/wp-json\/wp\/v2\/types\/page"}],"author":[{"embeddable":true,"href":"https:\/\/manari.pe.gov.br\/v1\/wp-json\/wp\/v2\/users\/1"}],"replies":[{"embeddable":true,"href":"https:\/\/manari.pe.gov.br\/v1\/wp-json\/wp\/v2\/comments?post=325"}],"version-history":[{"count":1,"href":"https:\/\/manari.pe.gov.br\/v1\/wp-json\/wp\/v2\/pages\/325\/revisions"}],"predecessor-version":[{"id":326,"href":"https:\/\/manari.pe.gov.br\/v1\/wp-json\/wp\/v2\/pages\/325\/revisions\/326"}],"wp:attachment":[{"href":"https:\/\/manari.pe.gov.br\/v1\/wp-json\/wp\/v2\/media?parent=325"}],"curies":[{"name":"wp","href":"https:\/\/api.w.org\/{rel}","templated":true}]}}