{"id":169,"date":"2025-02-02T19:20:09","date_gmt":"2025-02-02T22:20:09","guid":{"rendered":"https:\/\/manari.pe.gov.br\/v1\/?page_id=169"},"modified":"2025-04-30T16:56:43","modified_gmt":"2025-04-30T19:56:43","slug":"simbolos-e-hino-do-municipio","status":"publish","type":"page","link":"https:\/\/manari.pe.gov.br\/v1\/simbolos-e-hino-do-municipio\/","title":{"rendered":"S\u00edmbolos e Hino do Municipio"},"content":{"rendered":"<p><img loading=\"lazy\" decoding=\"async\" class=\"img-fluid alignnone size-full wp-image-272\" src=\"https:\/\/manari.pe.gov.br\/v1\/wp-content\/uploads\/2025\/04\/brasao-e-bandeira-manari-pe.jpg\" alt=\"\" width=\"794\" height=\"397\" srcset=\"https:\/\/manari.pe.gov.br\/v1\/wp-content\/uploads\/2025\/04\/brasao-e-bandeira-manari-pe.jpg 794w, https:\/\/manari.pe.gov.br\/v1\/wp-content\/uploads\/2025\/04\/brasao-e-bandeira-manari-pe-300x150.jpg 300w, https:\/\/manari.pe.gov.br\/v1\/wp-content\/uploads\/2025\/04\/brasao-e-bandeira-manari-pe-768x384.jpg 768w\" sizes=\"auto, (max-width: 794px) 100vw, 794px\" \/><\/p>\n<blockquote class=\"wp-block-quote is-layout-flow wp-block-quote-is-layout-flow\"><p>&nbsp;<\/p>\n<h2><strong><em>Hino<\/em><\/strong><\/h2>\n<p><em>Nascestes de bra\u00e7os portugueses<\/em><br \/>\n<em>No alto da serra encravada<\/em><br \/>\n<em>Tem na lagoa sua origem<\/em><br \/>\n<em>Sua hist\u00f3ria perpetuada<\/em><\/p>\n<p><em>Mariana \u00e9 terra boa<\/em><br \/>\n<em>E seu nome \u00e9 Manari<\/em><br \/>\n<em>Gente muito acolhedora<\/em><br \/>\n<em>Sa\u00fada quem passa por aqui<\/em><\/p>\n<p><em>Avante, avante Manari<\/em><br \/>\n<em>O futuro espera tua gl\u00f3ria<\/em><br \/>\n<em>Com trabalho e dignidade<\/em><br \/>\n<em>Teu povo alcan\u00e7a a vit\u00f3ria<\/em><\/p>\n<p><em>Do Tupi herdou o nome<\/em><br \/>\n<em>Do escravo herdou a for\u00e7a<\/em><br \/>\n<em>Tem no povo a esperan\u00e7a<\/em><br \/>\n<em>Numa luta promissora<\/em><\/p>\n<p><em>Tua hist\u00f3ria \u00e9 de lutas<\/em><br \/>\n<em>Muitas conquistas e vit\u00f3rias<\/em><br \/>\n<em>O progresso est\u00e1 a sua frente<\/em><br \/>\n<em>Progride alcan\u00e7a tua gl\u00f3ria<\/em><\/p>\n<p><em>Avante, avante Manari<\/em><br \/>\n<em>O futuro espera tua gl\u00f3ria<\/em><br \/>\n<em>Com trabalho e dignidade<\/em><br \/>\n<em>Teu povo alcan\u00e7a a vit\u00f3ria<\/em><\/p>\n<p><em>A religiosidade de tua gente<\/em><br \/>\n<em>Faz o sertanejo reviver<\/em><br \/>\n<em>A esperan\u00e7a no divino<\/em><br \/>\n<em>Que a todos sempre faz crescer<\/em><\/p>\n<p><em>Tua cultura \u00e9 muito rica<\/em><br \/>\n<em>O povo gostar de festejar<\/em><br \/>\n<em>Teu folclore \u00e9 redundante<\/em><br \/>\n<em>Primazias a cantar<\/em><\/p>\n<p><em>Avante, avante Manari<\/em><br \/>\n<em>O futuro espera tua gl\u00f3ria<\/em><br \/>\n<em>Com trabalho e dignidade<\/em><br \/>\n<em>Teu povo alcan\u00e7a a vit\u00f3ria<\/em><\/p>\n<p><em>Avante, avante Manari<\/em><br \/>\n<em>O futuro espera tua gl\u00f3ria<\/em><br \/>\n<em>Com trabalho e dignidade<\/em><br \/>\n<em>Teu povo alcan\u00e7a a vit\u00f3ria<\/em><\/p><\/blockquote>\n","protected":false},"excerpt":{"rendered":"<p>&nbsp; Hino Nascestes de bra\u00e7os portugueses No alto da serra encravada Tem na lagoa sua origem Sua hist\u00f3ria perpetuada Mariana \u00e9 terra boa E seu nome \u00e9 Manari Gente muito acolhedora Sa\u00fada quem passa por aqui Avante, avante Manari O <a class=\"leiamais\" href=\"https:\/\/manari.pe.gov.br\/v1\/simbolos-e-hino-do-municipio\/\">VER MAIS <i class=\"fa-solid fa-chevron-right\"><\/i><\/a><\/p>\n","protected":false},"author":1,"featured_media":0,"parent":0,"menu_order":0,"comment_status":"closed","ping_status":"closed","template":"","meta":{"_acf_changed":false,"footnotes":""},"class_list":["post-169","page","type-page","status-publish","hentry","active"],"acf":[],"_links":{"self":[{"href":"https:\/\/manari.pe.gov.br\/v1\/wp-json\/wp\/v2\/pages\/169","targetHints":{"allow":["GET"]}}],"collection":[{"href":"https:\/\/manari.pe.gov.br\/v1\/wp-json\/wp\/v2\/pages"}],"about":[{"href":"https:\/\/manari.pe.gov.br\/v1\/wp-json\/wp\/v2\/types\/page"}],"author":[{"embeddable":true,"href":"https:\/\/manari.pe.gov.br\/v1\/wp-json\/wp\/v2\/users\/1"}],"replies":[{"embeddable":true,"href":"https:\/\/manari.pe.gov.br\/v1\/wp-json\/wp\/v2\/comments?post=169"}],"version-history":[{"count":0,"href":"https:\/\/manari.pe.gov.br\/v1\/wp-json\/wp\/v2\/pages\/169\/revisions"}],"wp:attachment":[{"href":"https:\/\/manari.pe.gov.br\/v1\/wp-json\/wp\/v2\/media?parent=169"}],"curies":[{"name":"wp","href":"https:\/\/api.w.org\/{rel}","templated":true}]}}