{"id":164,"date":"2025-02-02T19:16:52","date_gmt":"2025-02-02T22:16:52","guid":{"rendered":"https:\/\/manari.pe.gov.br\/v1\/?page_id=164"},"modified":"2025-04-30T16:34:41","modified_gmt":"2025-04-30T19:34:41","slug":"historia-de-manari","status":"publish","type":"page","link":"https:\/\/manari.pe.gov.br\/v1\/historia-de-manari\/","title":{"rendered":"Hist\u00f3ria de Manari"},"content":{"rendered":"<p>A hist\u00f3ria da povoa\u00e7\u00e3o de Manari est\u00e1 relacionada \u00e0 chegada de dois fazendeiros de origem portuguesa, Ant\u00f4nio Pereira e Manoel Pereira, que se estabeleceram na regi\u00e3o ap\u00f3s a compra de uma grande parte das terras que pertenciam \u00e0 fam\u00edlia Aranha, propriet\u00e1ria de extensas faixas de terra no sert\u00e3o de Pernambuco.<\/p>\n<p>Com a chegada desses fazendeiros, tamb\u00e9m vieram alguns escravos para auxiliar nas atividades agr\u00edcolas e na prepara\u00e7\u00e3o da terra. Entre eles, destaca-se Mariana, uma cativa de origem ind\u00edgena.<br \/>\nEm determinada ocasi\u00e3o, Mariana e seus dois filhos foram coletar umbu, lenha e \u00e1gua na lagoa e se depararam com porcos selvagens conhecidos como &#8220;queixadas&#8221;, que eram abundantes na regi\u00e3o. Segundo relatos dos mais velhos, eles foram atacados e devorados pelos animais.<\/p>\n<p>Ap\u00f3s esse incidente, o local, que antes n\u00e3o tinha nenhuma denomina\u00e7\u00e3o, passou a ser chamado de Mariana em homenagem \u00e0 escrava. Com o passar do tempo, outras fam\u00edlias se estabeleceram na regi\u00e3o, provenientes de diferentes localidades. A mistura de ra\u00e7as ocorreu, e a subsist\u00eancia era baseada na agricultura, com destaque para cultivos como milho, feij\u00e3o e algod\u00e3o, que tinham boa aceita\u00e7\u00e3o no mercado da \u00e9poca.<br \/>\nComo parte de um fen\u00f4meno comum na \u00e9poca, ocorreu a migra\u00e7\u00e3o de fam\u00edlias, como Rocha, Queiroz, Anjos, Monteiro, Pires e Maltas, que se instalaram na regi\u00e3o e doaram partes de suas terras para a forma\u00e7\u00e3o de outras fam\u00edlias provenientes de localidades diferentes, al\u00e9m da constru\u00e7\u00e3o da Capela de Nossa Senhora da Concei\u00e7\u00e3o na pequena vila.<\/p>\n<p>O distrito de Mariana foi criado pela lei municipal n\u00ba 2, de 10 de janeiro de 1929, e era subordinado ao munic\u00edpio de Moxot\u00f3. Posteriormente, seu nome foi alterado para Manari pelo decreto-lei estadual n\u00ba 952, de 31 de dezembro de 1943, conforme o costume da \u00e9poca de atribuir nomes ind\u00edgenas \u00e0s localidades brasileiras. O termo Manari, de origem tupi amana-r-i, significa &#8220;riacho, \u00e1gua da chuva&#8221;, em refer\u00eancia a um curso de rio que passava pr\u00f3ximo ao local.<\/p>\n<p>Em 12 de julho de 1995, o distrito de Manari foi elevado \u00e0 categoria de munic\u00edpio, seguindo os preceitos da Lei Estadual Complementar n\u00ba 15, de 1990, que estabelecia as condi\u00e7\u00f5es para a emancipa\u00e7\u00e3o de distritos.<br \/>\nManari est\u00e1 localizado a uma latitude de 08\u00ba57&#8217;50&#8221; sul e a uma longitude de 37\u00ba37&#8217;42&#8221; oeste, estando a uma altitude de 570 metros acima do n\u00edvel do mar. Segundo dados do Censo Demogr\u00e1fico realizado pelo IBGE em 2000, sua popula\u00e7\u00e3o era de 13.028 habitantes. As atividades econ\u00f4micas predominantes na regi\u00e3o s\u00e3o a agricultura, pecu\u00e1ria e com\u00e9rcio. O munic\u00edpio possui uma \u00e1rea de 407 km\u00b2.<\/p>\n","protected":false},"excerpt":{"rendered":"<p>A hist\u00f3ria da povoa\u00e7\u00e3o de Manari est\u00e1 relacionada \u00e0 chegada de dois fazendeiros de origem portuguesa, Ant\u00f4nio Pereira e Manoel Pereira, que se estabeleceram na regi\u00e3o ap\u00f3s a compra de uma grande parte das terras que pertenciam \u00e0 fam\u00edlia Aranha, <a class=\"leiamais\" href=\"https:\/\/manari.pe.gov.br\/v1\/historia-de-manari\/\">VER MAIS <i class=\"fa-solid fa-chevron-right\"><\/i><\/a><\/p>\n","protected":false},"author":1,"featured_media":0,"parent":0,"menu_order":0,"comment_status":"closed","ping_status":"closed","template":"","meta":{"_acf_changed":false,"footnotes":""},"class_list":["post-164","page","type-page","status-publish","hentry","active"],"acf":[],"_links":{"self":[{"href":"https:\/\/manari.pe.gov.br\/v1\/wp-json\/wp\/v2\/pages\/164","targetHints":{"allow":["GET"]}}],"collection":[{"href":"https:\/\/manari.pe.gov.br\/v1\/wp-json\/wp\/v2\/pages"}],"about":[{"href":"https:\/\/manari.pe.gov.br\/v1\/wp-json\/wp\/v2\/types\/page"}],"author":[{"embeddable":true,"href":"https:\/\/manari.pe.gov.br\/v1\/wp-json\/wp\/v2\/users\/1"}],"replies":[{"embeddable":true,"href":"https:\/\/manari.pe.gov.br\/v1\/wp-json\/wp\/v2\/comments?post=164"}],"version-history":[{"count":0,"href":"https:\/\/manari.pe.gov.br\/v1\/wp-json\/wp\/v2\/pages\/164\/revisions"}],"wp:attachment":[{"href":"https:\/\/manari.pe.gov.br\/v1\/wp-json\/wp\/v2\/media?parent=164"}],"curies":[{"name":"wp","href":"https:\/\/api.w.org\/{rel}","templated":true}]}}