{"id":103,"date":"2025-02-01T19:19:12","date_gmt":"2025-02-01T22:19:12","guid":{"rendered":"https:\/\/manari.pe.gov.br\/v1\/?page_id=103"},"modified":"2025-04-30T17:16:29","modified_gmt":"2025-04-30T20:16:29","slug":"politica-de-privacidade","status":"publish","type":"page","link":"https:\/\/manari.pe.gov.br\/v1\/politica-de-privacidade\/","title":{"rendered":"Pol\u00edtica de Privacidade"},"content":{"rendered":"<h3>.<\/h3>\n<h3><strong>Informa\u00e7\u00f5es Gerais<\/strong><\/h3>\n<p>A presente Pol\u00edtica de Privacidade cont\u00e9m informa\u00e7\u00f5es sobre coleta, uso, armazenamento, tratamento e prote\u00e7\u00e3o dos dados pessoais dos visitantes do portal desta entidade, com a finalidade de demonstrar absoluta transpar\u00eancia quanto ao assunto e esclarecer a todos os interessados sobre os tipos de dados que s\u00e3o coletados, os motivos da coleta e a forma como os usu\u00e1rios podem gerenciar ou excluir as suas informa\u00e7\u00f5es pessoais.<\/p>\n<p>N\u00f3s coletamos e utilizamos alguns dados pessoais que pertencem \u00e0queles que utilizam nosso portal. Ao faz\u00ea-lo, agimos na qualidade de controlador desses dados e estamos sujeitos \u00e0s disposi\u00e7\u00f5es da Lei Federal n. 13.709\/2018 (Lei Geral de Prote\u00e7\u00e3o de Dados Pessoais \u2013 LGPD)<\/p>\n<p>.<\/p>\n<h3><strong>Bases para processamento<\/strong><\/h3>\n<p>Aplicamos essa pol\u00edtica aos usu\u00e1rios que acessam o nosso portal e resumimos aqui como poderemos coletar, produzir, receptar, classificar, utilizar, reutilizar, acessar, reproduzir, transmitir, distribuir, processar, arquivar, armazenar, eliminar, avaliar ou controlar a informa\u00e7\u00e3o, modificar, comunicar, transferir, difundir ou extrair os dados coletados, incluindo as informa\u00e7\u00f5es de identifica\u00e7\u00e3o pessoal, dado pessoal sens\u00edvel, sempre de acordo com as bases legais aplic\u00e1veis e todas as leis de privacidade e prote\u00e7\u00e3o de dados em vigor;<\/p>\n<p>Para acessar e\/ou utilizar o portal, o usu\u00e1rio declara ter no m\u00ednimo 18 (dezoito) anos e ter capacidade plena e expressa para a aceita\u00e7\u00e3o dos termos e condi\u00e7\u00f5es desta Pol\u00edtica de Privacidade e do Termo de Consentimento para todos os fins de direito;<\/p>\n<p>O tratamento de dados ser\u00e1 dado atendendo rigorosamente as exig\u00eancias de sigilo, transpar\u00eancia, boa-f\u00e9, anonimiza\u00e7\u00e3o, n\u00e3o armazenamento indevido, bloqueio, elimina\u00e7\u00e3o, portabilidade, reutiliza\u00e7\u00e3o, criptografia ou qualquer outro formato de seguran\u00e7a em conformidades e nas situa\u00e7\u00f5es exigidas pela legisla\u00e7\u00e3o, de forma revers\u00edvel ou n\u00e3o;<\/p>\n<p>Caso o Usu\u00e1rio n\u00e3o se enquadre na descri\u00e7\u00e3o acima e\/ou n\u00e3o concorde, ainda que em parte, com os termos e condi\u00e7\u00f5es contidos nesta Pol\u00edtica Externa de Privacidade, n\u00e3o dever\u00e1 acessar e\/ou utilizar os servi\u00e7os oferecidos por esta entidade;<\/p>\n<p>O usu\u00e1rio tem direito a retirar o consentimento de uso e\/ou armazenamento a qualquer momento, n\u00e3o comprometendo a licitude do tratamento de seus dados pessoais antes da retirada. A retirada do consentimento poder\u00e1 ser feita pelo\u00a0<strong>e-mail: ouvidoria@manari.pe.gov.br<\/strong>\u00a0ou pelo correio com carta registrada no <strong>endere\u00e7o:<\/strong> <strong>Rua Nova, s\/n, Centro, CEP 56.565-000 &#8211; Manari &#8211; PE<\/strong>. Nestes casos a entidade, desde j\u00e1, informa que a retirada de consentimentos poder\u00e1 implicar na suspens\u00e3o de fornecimentos de servi\u00e7os, desde que n\u00e3o haja impedimentos legais previstos na LGPD, Marco Civil da Internet ou justificativas administrativas.<\/p>\n<p>Os requerimentos do item anterior, dever\u00e3o constar as seguintes informa\u00e7\u00f5es:<\/p>\n<ul>\n<li>Nome completo ou raz\u00e3o social;<\/li>\n<li>CPF\/CNPJ;<\/li>\n<li>Endere\u00e7o de e-mail do usu\u00e1rio ou de seu representante e;<\/li>\n<li>Telefone;<\/li>\n<li>Direito que deseja exercer junto ao\/ aplicativo;<\/li>\n<li>Todo documento que possa demonstrar ou justificar o exerc\u00edcio de seu direito;<\/li>\n<li>Comprova\u00e7\u00e3o e documento inequ\u00edvoco que \u00e9 o titular dos dados que alega no pedido.<\/li>\n<li>Data do pedido e assinatura do usu\u00e1rio.<\/li>\n<\/ul>\n<p>.<\/p>\n<h3><strong>Dados que coletamos, motivos da coleta e usos das informa\u00e7\u00f5es pessoais<\/strong><\/h3>\n<p>Nosso site coleta e utiliza alguns dados pessoais de nossos usu\u00e1rios, de acordo com o disposto nesta se\u00e7\u00e3o.<\/p>\n<p>O usu\u00e1rio est\u00e1 ciente, esclarecido e de acordo de que fornece informa\u00e7\u00f5es de maneira volunt\u00e1ria em formul\u00e1rios por meio do portal desta entidade;<\/p>\n<p>Os dados informados e cadastrados que ser\u00e3o operados ser\u00e3o mantidos em sigilo e ser\u00e3o utilizados apenas para o prop\u00f3sito que motivou o cadastro;<\/p>\n<p>N\u00e3o s\u00e3o coletados dados sens\u00edveis de nossos usu\u00e1rios, assim entendidos aqueles definidos nos arts. 11 e seguintes da Lei de Prote\u00e7\u00e3o de Dados Pessoais. Assim,\u00a0<strong>n\u00e3o<\/strong>\u00a0haver\u00e1 coleta de dados sobre origem racial ou \u00e9tnica, convic\u00e7\u00e3o religiosa, opini\u00e3o pol\u00edtica, filia\u00e7\u00e3o a sindicato ou a organiza\u00e7\u00e3o de car\u00e1ter religioso, filos\u00f3fico ou pol\u00edtico, dado referente \u00e0 sa\u00fade ou \u00e0 vida sexual, dado gen\u00e9tico ou biom\u00e9trico, quando vinculado a uma pessoa natural.<\/p>\n<p>.<\/p>\n<h4><strong>Cookies<\/strong><\/h4>\n<p>Cookies s\u00e3o pequenos arquivos de texto baixados automaticamente em seu dispositivo quando voc\u00ea acessa e navega por um site. Eles servem, basicamente, para seja poss\u00edvel identificar dispositivos, atividades e prefer\u00eancias de usu\u00e1rios. Os cookies n\u00e3o permitem que qualquer arquivo ou informa\u00e7\u00e3o sejam extra\u00eddos do disco r\u00edgido do usu\u00e1rio, n\u00e3o sendo poss\u00edvel, ainda, que, por meio deles, se tenha acesso a informa\u00e7\u00f5es pessoais que n\u00e3o tenham partido do usu\u00e1rio ou da forma como utiliza os recursos do site.<\/p>\n<ul>\n<li><strong>Cookies de terceiros<\/strong>\u00a0\u2013 Alguns de nossos parceiros podem configurar cookies nos dispositivos dos usu\u00e1rios que acessam nosso site. Estes cookies, em geral, visam possibilitar que nossos parceiros possam oferecer seu conte\u00fado e seus servi\u00e7os ao usu\u00e1rio que acessa nosso site de forma personalizada, por meio da obten\u00e7\u00e3o de dados de navega\u00e7\u00e3o extra\u00eddos a partir de sua intera\u00e7\u00e3o com o site.<\/li>\n<li><strong>Cookies necess\u00e1rios<\/strong>\u00a0\u2013 S\u00e3o essenciais para funcionamento do website da empresa, sem eles n\u00e3o \u00e9 poss\u00edvel carregar e navegar corretamente, al\u00e9m disso n\u00e3o \u00e9 poss\u00edvel fazer uso de todas as funcionalidades dispon\u00edveis;<\/li>\n<li><strong>Cookies funcionais<\/strong>\u00a0\u2013 Permitem que a p\u00e1gina se lembre de suas escolhas, para proporcionar uma expectativa personalizada. Possibilita que Usu\u00e1rios assistam a v\u00eddeos, utilizem ferramentas sociais, campos para coment\u00e1rios, f\u00f3runs e outras op\u00e7\u00f5es;<\/li>\n<li><strong>Cookies de desempenho<\/strong>\u00a0\u2013 Ajudam a atender como os visitantes interagem com a p\u00e1gina da empresa, permite informar sobre as \u00e1reas visitadas, tempo da visita ao site e problemas encontrados, como mensagens de erro;<\/li>\n<li><strong>Cookies de marketing<\/strong>\u00a0\u2013 S\u00e3o aqueles que fornecem conte\u00fado relevante e do interesse dos Usu\u00e1rios, otimizando suas experi\u00eancias, podem ser utilizados para apresentar publicidade com um maior direcionamento ou limitar o n\u00famero que esta \u00e9 veiculada. Permite medir resultados de campanhas publicit\u00e1rias.<\/li>\n<\/ul>\n<p>O usu\u00e1rio poder\u00e1 obter mais informa\u00e7\u00f5es sobre os cookies de terceiro e sobre a forma como os dados obtidos a partir dele s\u00e3o tratados, al\u00e9m de ter acesso \u00e0 descri\u00e7\u00e3o dos cookies utilizados e de suas caracter\u00edsticas, acessando os seguinte links:<\/p>\n<ul>\n<li>Google Analytics:\u00a0<a href=\"https:\/\/developers.google.com\/analytics\/devguides\/collection\/gajs\/cookie-usage?hl=pt-br\">https:\/\/developers.google.com\/analytics\/devguides\/collection\/gajs\/cookie-usage?hl=pt-br<\/a><\/li>\n<li>WordPress:\u00a0<a href=\"https:\/\/br.wordpress.org\/about\/privacy\/cookies\/\">https:\/\/br.wordpress.org\/about\/privacy\/cookies\/<\/a><\/li>\n<li>Facebook:\u00a0<a href=\"https:\/\/www.facebook.com\/policies\/cookies\/\">https:\/\/www.facebook.com\/policies\/cookies\/<\/a><\/li>\n<li>Twitter:\u00a0<a href=\"https:\/\/twitter.com\/pt\/privacy\">https:\/\/twitter.com\/pt\/privacy<\/a><\/li>\n<li>Youtube:\u00a0<a href=\"https:\/\/policies.google.com\/privacy?hl=pt-BR&amp;gl=pt\">https:\/\/policies.google.com\/privacy?hl=pt-BR&amp;gl=pt<\/a><\/li>\n<li>Google+:\u00a0<a href=\"https:\/\/policies.google.com\/technologies\/cookies?hl=pt\">https:\/\/policies.google.com\/technologies\/cookies?hl=pt<\/a><\/li>\n<li>Instagram:\u00a0<a href=\"https:\/\/help.instagram.com\/1896641480634370?ref=ig\">https:\/\/help.instagram.com\/1896641480634370?ref=ig<\/a><\/li>\n<li>Pinterest:\u00a0<a href=\"http:\/\/policy.pinterest.com\/pt-br\/privacy-policy\">http:\/\/policy.pinterest.com\/pt-br\/privacy-policy<\/a><\/li>\n<li>Whatsapp:\u00a0<a href=\"https:\/\/www.whatsapp.com\/legal\/cookies\/?lang=pt_br\">https:\/\/www.whatsapp.com\/legal\/cookies\/?lang=pt_br<\/a><\/li>\n<\/ul>\n<p>As entidades encarregadas da coleta dos poder\u00e3o ceder as informa\u00e7\u00f5es obtidas a terceiros.<\/p>\n<p>.<\/p>\n<h4><strong>Gest\u00e3o de cookies<\/strong><\/h4>\n<p>O usu\u00e1rio poder\u00e1 se opor ao registro de cookies pelo site, bastando que desative esta op\u00e7\u00e3o no seu pr\u00f3prio navegador. Mais informa\u00e7\u00f5es sobre como fazer isso em alguns dos principais navegadores utilizados hoje podem ser acessadas a partir dos seguintes links:<\/p>\n<ul>\n<li>Internet Explorer:\u00a0<a href=\"https:\/\/support.microsoft.com\/pt-br\/help\/17442\/windows-internet-explorer-delete-manage-cookies\">https:\/\/support.microsoft.com\/pt-br\/help\/17442\/windows-internet-explorer-delete-manage-cookies<\/a><\/li>\n<li>Safari:\u00a0<a href=\"https:\/\/support.apple.com\/pt-br\/guide\/safari\/sfri11471\/mac\">https:\/\/support.apple.com\/pt-br\/guide\/safari\/sfri11471\/mac<\/a><\/li>\n<li>Google Chrome:\u00a0<a href=\"https:\/\/support.google.com\/chrome\/answer\/95647?hl=pt-BR&amp;hlrm=pt\">https:\/\/support.google.com\/chrome\/answer\/95647?hl=pt-BR&amp;hlrm=pt<\/a><\/li>\n<li>Mozilla Firefox:\u00a0<a href=\"https:\/\/support.mozilla.org\/pt-BR\/kb\/ative-e-desative-os-cookies-que-os-sites-usam\">https:\/\/support.mozilla.org\/pt-BR\/kb\/ative-e-desative-os-cookies-que-os-sites-usam<\/a><\/li>\n<li>Opera:\u00a0<a href=\"https:\/\/www.opera.com\/help\/tutorials\/security\/privacy\/\">https:\/\/www.opera.com\/help\/tutorials\/security\/privacy\/<\/a><\/li>\n<\/ul>\n<p>A desativa\u00e7\u00e3o dos cookies, no entanto, pode afetar a disponibilidade de algumas ferramentas e funcionalidades do site, comprometendo seu correto e esperado funcionamento. Outra consequ\u00eancia poss\u00edvel \u00e9 remo\u00e7\u00e3o das prefer\u00eancias do usu\u00e1rio que eventualmente tiverem sido salvas, prejudicando sua experi\u00eancia.<\/p>\n<p>.<\/p>\n<h3><strong>Coleta de dados n\u00e3o previstos expressamente<\/strong><\/h3>\n<p>Eventualmente, outros tipos de dados n\u00e3o previstos expressamente nesta Pol\u00edtica de Privacidade poder\u00e3o ser coletados, desde que sejam fornecidos com o consentimento do usu\u00e1rio, ou, ainda, que a coleta seja permitida com fundamento em outra base legal prevista em lei. Em qualquer caso, a coleta de dados e as atividades de tratamento dela decorrentes ser\u00e3o informadas aos usu\u00e1rios do site.<\/p>\n<p>.<\/p>\n<h3><strong>Compartilhamento de dados pessoais com terceiros<\/strong><\/h3>\n<p>N\u00f3s n\u00e3o compartilhamos seus dados pessoais com terceiros. Apesar disso, \u00e9 poss\u00edvel que o fa\u00e7amos para cumprir alguma determina\u00e7\u00e3o legal ou regulat\u00f3ria, ou, ainda, para cumprir alguma ordem expedida por autoridade p\u00fablica.<\/p>\n<p>.<\/p>\n<h3><strong>Por quanto tempo seus dados pessoais ser\u00e3o armazenados<\/strong><\/h3>\n<p>Os dados pessoais coletados pelo site s\u00e3o armazenados e utilizados por per\u00edodo de tempo que corresponda ao necess\u00e1rio para atingir as finalidades elencadas neste documento e que considere os direitos de seus titulares, os direitos do controlador do site e as disposi\u00e7\u00f5es legais ou regulat\u00f3rias aplic\u00e1veis.<\/p>\n<p>Uma vez expirados os per\u00edodos de armazenamento dos dados pessoais, eles s\u00e3o removidos de nossas bases de dados ou anonimizados, salvo nos casos em que houver a possibilidade ou a necessidade de armazenamento em virtude de disposi\u00e7\u00e3o legal ou regulat\u00f3ria.<\/p>\n<p>.<\/p>\n<h3><strong>Bases legais para o tratamento de dados pessoais<\/strong><\/h3>\n<p>Cada opera\u00e7\u00e3o de tratamento de dados pessoais precisa ter um fundamento jur\u00eddico, ou seja, uma base legal, que nada mais \u00e9 que uma justificativa que a autorize, prevista na Lei Geral de Prote\u00e7\u00e3o de Dados Pessoais.<\/p>\n<p>Todas as Nossas atividades de tratamento de dados pessoais possuem uma base legal que as fundamenta, dentre as permitidas pela legisla\u00e7\u00e3o. Mais informa\u00e7\u00f5es sobre as bases legais que utilizamos para opera\u00e7\u00f5es de tratamento de dados pessoais espec\u00edficas podem ser obtidas a partir de nossos canais de contato, informados ao final desta Pol\u00edtica.<\/p>\n<p>.<\/p>\n<h3><strong>Medidas de seguran\u00e7a no tratamento de dados pessoais<\/strong><\/h3>\n<p>Empregamos medidas t\u00e9cnicas e organizativas aptas a proteger os dados pessoais de acessos n\u00e3o autorizados e de situa\u00e7\u00f5es de destrui\u00e7\u00e3o, perda, extravio ou altera\u00e7\u00e3o desses dados.<\/p>\n<p>As medidas que utilizamos levam em considera\u00e7\u00e3o a natureza dos dados, o contexto e a finalidade do tratamento, os riscos que uma eventual viola\u00e7\u00e3o geraria para os direitos e liberdades do usu\u00e1rio, e os padr\u00f5es atualmente empregados no mercado por empresas semelhantes \u00e0 nossa.<\/p>\n<p>Entre as medidas de seguran\u00e7a adotadas por n\u00f3s, destacamos as seguintes:<\/p>\n<ul>\n<li>Os dados de nossos usu\u00e1rios s\u00e3o armazenados em ambiente seguro;<\/li>\n<li>Limitamos o acesso aos dados de nossos usu\u00e1rios, de modo que terceiros n\u00e3o autorizados n\u00e3o possam acess\u00e1-los;<\/li>\n<li>Utilizamos certificado SSL (Secure Socket Layer), de modo que a transmiss\u00e3o de dados entre os dispositivos dos usu\u00e1rios e nossos servidores aconte\u00e7a de forma criptografada;<\/li>\n<li>Mantemos registros de todos aqueles que t\u00eam, de alguma forma, contato com nossos dados.<\/li>\n<\/ul>\n<p>Ainda que adote tudo o que est\u00e1 ao seu alcance para evitar incidentes de seguran\u00e7a, \u00e9 poss\u00edvel que ocorra algum problema motivado exclusivamente por um terceiro \u2013 como em caso de ataques de hackers ou crackers ou, ainda, em caso de culpa exclusiva do usu\u00e1rio, que ocorre, por exemplo, quando ele mesmo transfere seus dados a terceiro. Assim, embora sejamos, em geral, respons\u00e1veis pelos dados pessoais que tratamos, nos eximimos de responsabilidade caso ocorra uma situa\u00e7\u00e3o excepcional como essas, sobre as quais n\u00e3o temos nenhum tipo de controle.<\/p>\n<p>De qualquer forma, caso ocorra qualquer tipo de incidente de seguran\u00e7a que possa gerar risco ou dano relevante para qualquer de nossos usu\u00e1rios, comunicaremos os afetados e a Autoridade Nacional de Prote\u00e7\u00e3o de Dados acerca do ocorrido, em conformidade com o disposto na Lei Geral de Prote\u00e7\u00e3o de Dados.<\/p>\n<p>.<\/p>\n<h3><strong>Altera\u00e7\u00f5es nesta pol\u00edtica<\/strong><\/h3>\n<p>A presente vers\u00e3o desta Pol\u00edtica de Privacidade foi atualizada pela \u00faltima vez em:\u00a0<strong>03\/03\/2023<\/strong><\/p>\n<p>Reservamo-nos o direito de modificar, a qualquer momento, as presentes normas, especialmente para adapt\u00e1-las \u00e0s eventuais altera\u00e7\u00f5es feitas em nosso site, seja pela disponibiliza\u00e7\u00e3o de novas funcionalidades, seja pela supress\u00e3o ou modifica\u00e7\u00e3o daquelas j\u00e1 existentes.<\/p>\n<p>Sempre que houver uma modifica\u00e7\u00e3o, nossos usu\u00e1rios ser\u00e3o notificados acerca da mudan\u00e7a.<\/p>\n<p>.<\/p>\n<h3><strong>Como entrar em contato conosco<\/strong><\/h3>\n<p>Para esclarecer quaisquer d\u00favidas sobre esta Pol\u00edtica de Privacidade ou sobre os dados pessoais que tratamos, entre em contato com nosso Encarregado de Prote\u00e7\u00e3o de Dados Pessoais, por algum dos canais mencionados abaixo:<\/p>\n<ul>\n<li><strong>Email: ouvidoria@manari.pe.gov.br<\/strong><\/li>\n<li><strong>Telefone: <a role=\"link\" href=\"tel:(87) 3840.7150\" data-raofz=\"16\">(87) 3840.7150<\/a><br \/>\n<\/strong><\/li>\n<li><strong>Endere\u00e7o: Rua Nova, s\/n, Centro, CEP 56.565-000 &#8211; Manari &#8211; PE<br \/>\n<\/strong><\/li>\n<\/ul>\n<p>.<\/p>\n","protected":false},"excerpt":{"rendered":"<p>. Informa\u00e7\u00f5es Gerais A presente Pol\u00edtica de Privacidade cont\u00e9m informa\u00e7\u00f5es sobre coleta, uso, armazenamento, tratamento e prote\u00e7\u00e3o dos dados pessoais dos visitantes do portal desta entidade, com a finalidade de demonstrar absoluta transpar\u00eancia quanto ao assunto e esclarecer a todos <a class=\"leiamais\" href=\"https:\/\/manari.pe.gov.br\/v1\/politica-de-privacidade\/\">VER MAIS <i class=\"fa-solid fa-chevron-right\"><\/i><\/a><\/p>\n","protected":false},"author":1,"featured_media":0,"parent":0,"menu_order":0,"comment_status":"closed","ping_status":"closed","template":"","meta":{"_acf_changed":false,"footnotes":""},"class_list":["post-103","page","type-page","status-publish","hentry","active"],"acf":[],"_links":{"self":[{"href":"https:\/\/manari.pe.gov.br\/v1\/wp-json\/wp\/v2\/pages\/103","targetHints":{"allow":["GET"]}}],"collection":[{"href":"https:\/\/manari.pe.gov.br\/v1\/wp-json\/wp\/v2\/pages"}],"about":[{"href":"https:\/\/manari.pe.gov.br\/v1\/wp-json\/wp\/v2\/types\/page"}],"author":[{"embeddable":true,"href":"https:\/\/manari.pe.gov.br\/v1\/wp-json\/wp\/v2\/users\/1"}],"replies":[{"embeddable":true,"href":"https:\/\/manari.pe.gov.br\/v1\/wp-json\/wp\/v2\/comments?post=103"}],"version-history":[{"count":0,"href":"https:\/\/manari.pe.gov.br\/v1\/wp-json\/wp\/v2\/pages\/103\/revisions"}],"wp:attachment":[{"href":"https:\/\/manari.pe.gov.br\/v1\/wp-json\/wp\/v2\/media?parent=103"}],"curies":[{"name":"wp","href":"https:\/\/api.w.org\/{rel}","templated":true}]}}